{"id":89,"date":"2021-04-30T09:42:19","date_gmt":"2021-04-30T09:42:19","guid":{"rendered":"https:\/\/www.perfekt-dom.com\/?page_id=89"},"modified":"2021-09-01T14:10:44","modified_gmt":"2021-09-01T14:10:44","slug":"oferta","status":"publish","type":"page","link":"https:\/\/www.perfekt-dom.com\/index.php\/oferta\/","title":{"rendered":"Oferta"},"content":{"rendered":"<div class=\"wpb-content-wrapper\"><p>[vc_row row_height_percent=&#8221;0&#8243; override_padding=&#8221;yes&#8221; h_padding=&#8221;2&#8243; top_padding=&#8221;5&#8243; bottom_padding=&#8221;2&#8243; overlay_alpha=&#8221;50&#8243; gutter_size=&#8221;4&#8243; column_width_percent=&#8221;100&#8243; shift_y=&#8221;0&#8243; z_index=&#8221;0&#8243;][vc_column column_width_percent=&#8221;80&#8243; position_horizontal=&#8221;left&#8221; gutter_size=&#8221;2&#8243; overlay_alpha=&#8221;50&#8243; shift_x=&#8221;0&#8243; shift_y=&#8221;3&#8243; shift_y_down=&#8221;0&#8243; z_index=&#8221;0&#8243; align_medium=&#8221;align_center_tablet&#8221; medium_width=&#8221;0&#8243; align_mobile=&#8221;align_center_mobile&#8221; mobile_width=&#8221;0&#8243; width=&#8221;5\/12&#8243;][vc_custom_heading heading_semantic=&#8221;h3&#8243; text_size=&#8221;h1&#8243;]Budowa Dom\u00f3w to nasza specjalno\u015b\u0107![\/vc_custom_heading][vc_column_text]Zajmujemy si\u0119 kompleksowo wznoszeniem budynk\u00f3w od stanu surowego do deweloperskiego a nawet pod klucz.[\/vc_column_text][\/vc_column][vc_column column_width_percent=&#8221;100&#8243; gutter_size=&#8221;3&#8243; overlay_alpha=&#8221;50&#8243; shift_x=&#8221;0&#8243; shift_y=&#8221;0&#8243; shift_y_down=&#8221;0&#8243; z_index=&#8221;0&#8243; medium_width=&#8221;0&#8243; mobile_width=&#8221;0&#8243; width=&#8221;7\/12&#8243;][vc_single_image media=&#8221;471&#8243; media_width_percent=&#8221;100&#8243; media_ratio=&#8221;four-three&#8221; shadow=&#8221;yes&#8221; shadow_weight=&#8221;xs&#8221;][\/vc_column][\/vc_row][vc_row row_height_percent=&#8221;0&#8243; override_padding=&#8221;yes&#8221; h_padding=&#8221;2&#8243; top_padding=&#8221;0&#8243; bottom_padding=&#8221;2&#8243; overlay_alpha=&#8221;50&#8243; gutter_size=&#8221;4&#8243; column_width_percent=&#8221;100&#8243; shift_y=&#8221;0&#8243; z_index=&#8221;0&#8243; el_class=&#8221;inverted-device-order&#8221;][vc_column column_width_percent=&#8221;100&#8243; gutter_size=&#8221;3&#8243; overlay_alpha=&#8221;50&#8243; shift_x=&#8221;0&#8243; shift_y=&#8221;-5&#8243; shift_y_down=&#8221;0&#8243; z_index=&#8221;0&#8243; medium_width=&#8221;0&#8243; mobile_width=&#8221;0&#8243; width=&#8221;7\/12&#8243;][vc_single_image media=&#8221;472&#8243; media_width_percent=&#8221;100&#8243; media_ratio=&#8221;four-three&#8221; shadow=&#8221;yes&#8221; shadow_weight=&#8221;std&#8221;][\/vc_column][vc_column column_width_percent=&#8221;80&#8243; position_horizontal=&#8221;right&#8221; position_vertical=&#8221;middle&#8221; gutter_size=&#8221;2&#8243; overlay_alpha=&#8221;50&#8243; shift_x=&#8221;0&#8243; shift_y=&#8221;0&#8243; shift_y_down=&#8221;0&#8243; z_index=&#8221;0&#8243; align_medium=&#8221;align_center_tablet&#8221; medium_width=&#8221;0&#8243; align_mobile=&#8221;align_center_mobile&#8221; mobile_width=&#8221;0&#8243; width=&#8221;5\/12&#8243;][vc_custom_heading heading_semantic=&#8221;h3&#8243; text_size=&#8221;h1&#8243;]Niezawodny Team![\/vc_custom_heading][vc_column_text]Domy buduj\u0105 ekipy zarz\u0105dzane przez do\u015bwiadczonych majstr\u00f3w oraz oddzielne ekipy specjalizuj\u0105ce si\u0119 tylko w wykonywaniu dach\u00f3w i pokry\u0107. Nad wszystkimi czuwa w\u0142a\u015bciciel firmy &#8211; budowlaniec z wykszta\u0142cenia.[\/vc_column_text][\/vc_column][\/vc_row][vc_row row_height_percent=&#8221;0&#8243; override_padding=&#8221;yes&#8221; h_padding=&#8221;2&#8243; top_padding=&#8221;2&#8243; bottom_padding=&#8221;2&#8243; overlay_alpha=&#8221;50&#8243; gutter_size=&#8221;4&#8243; column_width_percent=&#8221;100&#8243; shift_y=&#8221;0&#8243; z_index=&#8221;0&#8243;][vc_column column_width_percent=&#8221;80&#8243; position_horizontal=&#8221;left&#8221; gutter_size=&#8221;2&#8243; overlay_alpha=&#8221;50&#8243; shift_x=&#8221;0&#8243; shift_y=&#8221;3&#8243; shift_y_down=&#8221;0&#8243; z_index=&#8221;0&#8243; align_medium=&#8221;align_center_tablet&#8221; medium_width=&#8221;0&#8243; align_mobile=&#8221;align_center_mobile&#8221; mobile_width=&#8221;0&#8243; width=&#8221;5\/12&#8243;][vc_custom_heading heading_semantic=&#8221;h3&#8243; text_size=&#8221;h1&#8243;]Zawsze 5 lat gwarancji![\/vc_custom_heading][vc_column_text]Na wszystkie nasze us\u0142ugi jest podpisywana umowa. Obawiasz si\u0119, \u017ce w por\u0119 nie zauwa\u017cysz usterki a ekipa opu\u015bci\u0142a ju\u017c budynek? U nas mo\u017cesz zg\u0142osi\u0107 nieprawid\u0142owo\u015bci do 5 lat od zako\u0144czenia prac &#8211; przyjedziemy i bezp\u0142atnie wykonamy poprawki. Nasza firma posiada ubezpieczenie OC, wi\u0119c na ca\u0142y czas trwania budowy twoja inwestycja jest chroniona.[\/vc_column_text][\/vc_column][vc_column column_width_percent=&#8221;100&#8243; gutter_size=&#8221;3&#8243; overlay_alpha=&#8221;50&#8243; shift_x=&#8221;0&#8243; shift_y=&#8221;0&#8243; shift_y_down=&#8221;0&#8243; z_index=&#8221;0&#8243; medium_width=&#8221;0&#8243; mobile_width=&#8221;0&#8243; width=&#8221;7\/12&#8243;][vc_single_image media=&#8221;469&#8243; media_width_percent=&#8221;100&#8243; media_ratio=&#8221;four-three&#8221; shadow=&#8221;yes&#8221; shadow_weight=&#8221;xs&#8221;][\/vc_column][\/vc_row][vc_row row_height_percent=&#8221;0&#8243; override_padding=&#8221;yes&#8221; h_padding=&#8221;2&#8243; top_padding=&#8221;3&#8243; bottom_padding=&#8221;5&#8243; overlay_alpha=&#8221;50&#8243; gutter_size=&#8221;4&#8243; column_width_percent=&#8221;100&#8243; shift_y=&#8221;0&#8243; z_index=&#8221;0&#8243; el_class=&#8221;inverted-device-order&#8221; shape_dividers=&#8221;&#8221;][vc_column column_width_percent=&#8221;100&#8243; gutter_size=&#8221;3&#8243; overlay_alpha=&#8221;50&#8243; shift_x=&#8221;0&#8243; shift_y=&#8221;-5&#8243; shift_y_down=&#8221;0&#8243; z_index=&#8221;0&#8243; medium_width=&#8221;0&#8243; mobile_width=&#8221;0&#8243; width=&#8221;7\/12&#8243;][vc_single_image media=&#8221;470&#8243; media_width_percent=&#8221;100&#8243; media_ratio=&#8221;four-three&#8221; shadow=&#8221;yes&#8221; shadow_weight=&#8221;std&#8221;][\/vc_column][vc_column column_width_percent=&#8221;80&#8243; position_horizontal=&#8221;right&#8221; position_vertical=&#8221;middle&#8221; gutter_size=&#8221;2&#8243; overlay_alpha=&#8221;50&#8243; shift_x=&#8221;0&#8243; shift_y=&#8221;0&#8243; shift_y_down=&#8221;0&#8243; z_index=&#8221;0&#8243; align_medium=&#8221;align_center_tablet&#8221; medium_width=&#8221;0&#8243; align_mobile=&#8221;align_center_mobile&#8221; mobile_width=&#8221;0&#8243; width=&#8221;5\/12&#8243;][vc_custom_heading heading_semantic=&#8221;h3&#8243; text_size=&#8221;h1&#8243;]Mo\u017cliwie najni\u017csze ceny materia\u0142\u00f3w![\/vc_custom_heading][vc_column_text]Nasza firma wsp\u00f3\u0142pracuje z wieloma wiod\u0105cymi producentami materia\u0142\u00f3w budowlanych oraz kilkoma sk\u0142adami budowlanym. Zawsze staramy si\u0119 wynegocjowa\u0107 jak najlepsze ceny materia\u0142\u00f3w. Bierzemy tak\u017ce na siebie ca\u0142y proces zam\u00f3wienia i dostarczenia towar\u00f3w na czas. Nasza firma posiada pe\u0142ne zaplecze sprz\u0119towe, szalunkowe oraz socjalne.[\/vc_column_text][\/vc_column][\/vc_row]<\/p>\n<\/div>","protected":false},"excerpt":{"rendered":"<p>[vc_row row_height_percent=&#8221;0&#8243; override_padding=&#8221;yes&#8221; h_padding=&#8221;2&#8243; top_padding=&#8221;5&#8243; bottom_padding=&#8221;2&#8243; overlay_alpha=&#8221;50&#8243; gutter_size=&#8221;4&#8243; column_width_percent=&#8221;100&#8243; shift_y=&#8221;0&#8243; z_index=&#8221;0&#8243;][vc_column column_width_percent=&#8221;80&#8243; position_horizontal=&#8221;left&#8221; gutter_size=&#8221;2&#8243; overlay_alpha=&#8221;50&#8243; shift_x=&#8221;0&#8243; shift_y=&#8221;3&#8243; shift_y_down=&#8221;0&#8243; z_index=&#8221;0&#8243; align_medium=&#8221;align_center_tablet&#8221; [&hellip;]<\/p>\n","protected":false},"author":1,"featured_media":0,"parent":0,"menu_order":0,"comment_status":"closed","ping_status":"closed","template":"","meta":{"footnotes":""},"_links":{"self":[{"href":"https:\/\/www.perfekt-dom.com\/index.php\/wp-json\/wp\/v2\/pages\/89"}],"collection":[{"href":"https:\/\/www.perfekt-dom.com\/index.php\/wp-json\/wp\/v2\/pages"}],"about":[{"href":"https:\/\/www.perfekt-dom.com\/index.php\/wp-json\/wp\/v2\/types\/page"}],"author":[{"embeddable":true,"href":"https:\/\/www.perfekt-dom.com\/index.php\/wp-json\/wp\/v2\/users\/1"}],"replies":[{"embeddable":true,"href":"https:\/\/www.perfekt-dom.com\/index.php\/wp-json\/wp\/v2\/comments?post=89"}],"version-history":[{"count":10,"href":"https:\/\/www.perfekt-dom.com\/index.php\/wp-json\/wp\/v2\/pages\/89\/revisions"}],"predecessor-version":[{"id":479,"href":"https:\/\/www.perfekt-dom.com\/index.php\/wp-json\/wp\/v2\/pages\/89\/revisions\/479"}],"wp:attachment":[{"href":"https:\/\/www.perfekt-dom.com\/index.php\/wp-json\/wp\/v2\/media?parent=89"}],"curies":[{"name":"wp","href":"https:\/\/api.w.org\/{rel}","templated":true}]}}